{"id":231,"date":"2020-09-27T23:28:56","date_gmt":"2020-09-27T23:28:56","guid":{"rendered":"https:\/\/darkturquoise-kingfisher-111463.hostingersite.com\/?page_id=231"},"modified":"2020-10-19T08:42:31","modified_gmt":"2020-10-19T08:42:31","slug":"who-are-we","status":"publish","type":"page","link":"https:\/\/assurancevierapide.ca\/en\/who-are-we\/","title":{"rendered":"Who Are We"},"content":{"rendered":"<p>[et_pb_section fb_built=&#8221;1&#8243; admin_label=&#8221;Hero Section&#8221; _builder_version=&#8221;4.6.3&#8243; use_background_color_gradient=&#8221;on&#8221; background_color_gradient_start=&#8221;rgba(12,9,5,0.76)&#8221; background_color_gradient_end=&#8221;rgba(0,0,0,0.59)&#8221; background_color_gradient_direction=&#8221;100deg&#8221; background_color_gradient_overlays_image=&#8221;on&#8221; background_image=&#8221;https:\/\/darkturquoise-kingfisher-111463.hostingersite.com\/wp-content\/uploads\/2020\/09\/insurance-banner.jpg&#8221; custom_padding=&#8221;1.3%||0%|||&#8221;][et_pb_row column_structure=&#8221;3_5,2_5&#8243; admin_label=&#8221;Hero Area&#8221; _builder_version=&#8221;3.25&#8243; background_size=&#8221;initial&#8221; background_position=&#8221;top_left&#8221; background_repeat=&#8221;repeat&#8221; custom_padding=&#8221;8px||8px|||&#8221;][et_pb_column type=&#8221;3_5&#8243; _builder_version=&#8221;3.25&#8243; custom_padding=&#8221;80px||80px|&#8221; custom_padding__hover=&#8221;|||&#8221;][et_pb_cta title=&#8221;Who We Are&#8221; button_url=&#8221;#&#8221; admin_label=&#8221;Hero Text&#8221; _builder_version=&#8221;4.6.3&#8243; header_level=&#8221;h1&#8243; header_font=&#8221;Poppins|600|||||||&#8221; header_font_size=&#8221;48px&#8221; header_line_height=&#8221;1.4em&#8221; body_font=&#8221;Poppins||||||||&#8221; body_font_size=&#8221;18px&#8221; body_line_height=&#8221;1.8em&#8221; use_background_color=&#8221;off&#8221; custom_button=&#8221;on&#8221; button_text_size=&#8221;14px&#8221; button_text_color=&#8221;#2a2a2a&#8221; button_bg_color=&#8221;#ffffff&#8221; button_border_width=&#8221;12px&#8221; button_border_color=&#8221;#ffffff&#8221; button_letter_spacing=&#8221;2px&#8221; button_font=&#8221;Poppins|600||on|||||&#8221; button_icon=&#8221;%%3%%&#8221; text_orientation=&#8221;left&#8221; custom_margin=&#8221;|-8px||||&#8221; animation_style=&#8221;fade&#8221; button_text_size__hover_enabled=&#8221;off&#8221; button_one_text_size__hover_enabled=&#8221;off&#8221; button_two_text_size__hover_enabled=&#8221;off&#8221; button_text_color__hover_enabled=&#8221;off&#8221; button_one_text_color__hover_enabled=&#8221;off&#8221; button_two_text_color__hover_enabled=&#8221;off&#8221; button_border_width__hover_enabled=&#8221;off&#8221; button_one_border_width__hover_enabled=&#8221;off&#8221; button_two_border_width__hover_enabled=&#8221;off&#8221; button_border_color__hover_enabled=&#8221;off&#8221; button_one_border_color__hover_enabled=&#8221;off&#8221; button_two_border_color__hover_enabled=&#8221;off&#8221; button_border_radius__hover_enabled=&#8221;off&#8221; button_one_border_radius__hover_enabled=&#8221;off&#8221; button_two_border_radius__hover_enabled=&#8221;off&#8221; button_letter_spacing__hover_enabled=&#8221;off&#8221; button_one_letter_spacing__hover_enabled=&#8221;off&#8221; button_two_letter_spacing__hover_enabled=&#8221;off&#8221; button_bg_color__hover_enabled=&#8221;off&#8221; button_one_bg_color__hover_enabled=&#8221;off&#8221; button_two_bg_color__hover_enabled=&#8221;off&#8221;]We were born with the desire to help people save time and money with today&#8217;s technology that is the Internet. Assurancevierrapide.ca is the meeting point between insured persons and insurance companies, funds and banks for online subscription or via an intermediary, at your convenience.[\/et_pb_cta][\/et_pb_column][et_pb_column type=&#8221;2_5&#8243; _builder_version=&#8221;3.25&#8243; custom_padding=&#8221;|||&#8221; custom_padding__hover=&#8221;|||&#8221;][\/et_pb_column][\/et_pb_row][\/et_pb_section][et_pb_section fb_built=&#8221;1&#8243; admin_label=&#8221;Yearly Report Section&#8221; _builder_version=&#8221;4.6.3&#8243; background_enable_color=&#8221;off&#8221; custom_margin=&#8221;|||&#8221; custom_padding=&#8221;4px||2px|||&#8221;][et_pb_row column_structure=&#8221;1_2,1_2&#8243; use_custom_gutter=&#8221;on&#8221; gutter_width=&#8221;1&#8243; admin_label=&#8221;Yearly Report Area&#8221; module_class=&#8221; et_pb_row_fullwidth&#8221; _builder_version=&#8221;4.6.3&#8243; width=&#8221;100%&#8221; width_tablet=&#8221;100%&#8221; width_phone=&#8221;&#8221; width_last_edited=&#8221;on|desktop&#8221; max_width=&#8221;100%&#8221; max_width_tablet=&#8221;100%&#8221; max_width_phone=&#8221;&#8221; max_width_last_edited=&#8221;on|desktop&#8221; custom_padding=&#8221;10px||0px||false|false&#8221; make_fullwidth=&#8221;on&#8221;][et_pb_column type=&#8221;1_2&#8243; _builder_version=&#8221;4.6.3&#8243; custom_padding=&#8221;50px|12%|80px|8%|false|false&#8221; custom_padding__hover=&#8221;|||&#8221;][et_pb_cta button_url=&#8221;#&#8221; admin_label=&#8221;Last Year Report Text&#8221; _builder_version=&#8221;4.6.3&#8243; header_font=&#8221;Poppins|600|||||||&#8221; header_font_size=&#8221;36px&#8221; header_line_height=&#8221;1.4em&#8221; body_font=&#8221;Poppins||||||||&#8221; body_font_size=&#8221;16px&#8221; body_line_height=&#8221;1.8em&#8221; use_background_color=&#8221;off&#8221; custom_button=&#8221;on&#8221; button_text_size=&#8221;14px&#8221; button_text_color=&#8221;#ffffff&#8221; button_bg_color=&#8221;#8b20bb&#8221; button_border_width=&#8221;12px&#8221; button_border_color=&#8221;#8b20bb&#8221; button_letter_spacing=&#8221;2px&#8221; button_font=&#8221;Poppins|600||on|||||&#8221; button_icon=&#8221;%%3%%&#8221; text_orientation=&#8221;left&#8221; background_layout=&#8221;light&#8221; max_width=&#8221;550px&#8221; custom_margin=&#8221;-4px|||||&#8221; animation_style=&#8221;slide&#8221; animation_direction=&#8221;right&#8221; animation_intensity_slide=&#8221;10%&#8221; animation_starting_opacity=&#8221;100%&#8221; button_text_size__hover_enabled=&#8221;off&#8221; button_one_text_size__hover_enabled=&#8221;off&#8221; button_two_text_size__hover_enabled=&#8221;off&#8221; button_text_color__hover_enabled=&#8221;off&#8221; button_one_text_color__hover_enabled=&#8221;off&#8221; button_two_text_color__hover_enabled=&#8221;off&#8221; button_border_width__hover_enabled=&#8221;off&#8221; button_one_border_width__hover_enabled=&#8221;off&#8221; button_two_border_width__hover_enabled=&#8221;off&#8221; button_border_color__hover_enabled=&#8221;off&#8221; button_one_border_color__hover_enabled=&#8221;off&#8221; button_two_border_color__hover_enabled=&#8221;off&#8221; button_border_radius__hover_enabled=&#8221;off&#8221; button_one_border_radius__hover_enabled=&#8221;off&#8221; button_two_border_radius__hover_enabled=&#8221;off&#8221; button_letter_spacing__hover_enabled=&#8221;off&#8221; button_one_letter_spacing__hover_enabled=&#8221;off&#8221; button_two_letter_spacing__hover_enabled=&#8221;off&#8221; button_bg_color__hover_enabled=&#8221;off&#8221; button_one_bg_color__hover_enabled=&#8221;off&#8221; button_two_bg_color__hover_enabled=&#8221;off&#8221;]Our independent platform is used by hundreds of Internet users like you every day. We take to heart your desire to get the best product at the best price for your life insurance products among all those offered by financial institutions.<\/p>\n<p>Assurance vie rapide is a Canadian leader in life insurance. We&#8217;ve helped thousands of Canadians better understand their insurance options and find plans that are perfectly tailored to their needs and budget. Our priority has always been to increase the accessibility of life insurance and provide innovative alternatives to traditional insurance plans.<br \/>\nIf you have any questions about the plans we offer, please feel free to contact us by phone or email through the Contact page.[\/et_pb_cta][\/et_pb_column][et_pb_column type=&#8221;1_2&#8243; _builder_version=&#8221;4.6.3&#8243; custom_padding=&#8221;45px||||false|false&#8221; custom_padding__hover=&#8221;|||&#8221;][et_pb_image src=&#8221;https:\/\/darkturquoise-kingfisher-111463.hostingersite.com\/wp-content\/uploads\/2020\/09\/life-insurance-1024&#215;684-1.jpg&#8221; title_text=&#8221;life-insurance-1024&#215;684&#8243; align_tablet=&#8221;center&#8221; align_phone=&#8221;&#8221; align_last_edited=&#8221;on|desktop&#8221; _builder_version=&#8221;4.6.3&#8243; width=&#8221;85%&#8221; custom_margin=&#8221;-6px|3px|2px|||&#8221; animation_style=&#8221;fade&#8221;][\/et_pb_image][\/et_pb_column][\/et_pb_row][\/et_pb_section][et_pb_section fb_built=&#8221;1&#8243; admin_label=&#8221;Exclusive Feature Section&#8221; _builder_version=&#8221;3.22&#8243; background_color=&#8221;#f7f7f7&#8243; custom_margin=&#8221;-2px|||||&#8221; custom_padding=&#8221;60px||9px|||&#8221;][et_pb_row column_structure=&#8221;1_2,1_2&#8243; custom_padding_last_edited=&#8221;on|desktop&#8221; admin_label=&#8221;Exclusive Feature Area&#8221; _builder_version=&#8221;4.6.3&#8243; use_background_color_gradient=&#8221;on&#8221; background_color_gradient_start=&#8221;rgba(107,115,255,0.85)&#8221; background_color_gradient_end=&#8221;rgba(0,13,255,0.85)&#8221; background_color_gradient_direction=&#8221;100deg&#8221; background_color_gradient_overlays_image=&#8221;on&#8221; background_image=&#8221;https:\/\/darkturquoise-kingfisher-111463.hostingersite.com\/wp-content\/uploads\/2020\/09\/life-1140&#215;550-1.jpg&#8221; custom_margin=&#8221;|||&#8221; custom_padding=&#8221;5%||40px|5%&#8221; custom_padding_tablet=&#8221;|5%||&#8221; custom_padding_phone=&#8221;|||&#8221; border_radii=&#8221;on|10px|10px|10px|10px&#8221; box_shadow_style=&#8221;preset7&#8243; box_shadow_horizontal=&#8221;0px&#8221; box_shadow_vertical=&#8221;-100px&#8221; box_shadow_color=&#8221;#f7f7f7&#8243;][et_pb_column type=&#8221;1_2&#8243; _builder_version=&#8221;3.25&#8243; custom_padding=&#8221;|||&#8221; custom_padding__hover=&#8221;|||&#8221;][et_pb_cta title=&#8221;Who are our insurance advisors?&#8221; button_url=&#8221;#&#8221; admin_label=&#8221;Exclusive Feature&#8221; _builder_version=&#8221;4.6.3&#8243; header_font=&#8221;Poppins|600|||||||&#8221; header_font_size=&#8221;20px&#8221; header_line_height=&#8221;1.3em&#8221; body_font=&#8221;Poppins||||||||&#8221; body_font_size=&#8221;16px&#8221; body_line_height=&#8221;1.8em&#8221; background_color=&#8221;#ffffff&#8221; custom_button=&#8221;on&#8221; button_text_size=&#8221;14px&#8221; button_text_color=&#8221;#ffffff&#8221; button_bg_color=&#8221;#8b20bb&#8221; button_border_width=&#8221;12px&#8221; button_border_color=&#8221;#8b20bb&#8221; button_letter_spacing=&#8221;2px&#8221; button_font=&#8221;Poppins|600||on|||||&#8221; button_icon=&#8221;%%3%%&#8221; text_orientation=&#8221;left&#8221; background_layout=&#8221;light&#8221; custom_margin=&#8221;|||&#8221; custom_padding=&#8221;60px|40px|60px|40px&#8221; border_radii=&#8221;on|5px|5px|5px|5px&#8221; box_shadow_style=&#8221;preset5&#8243; box_shadow_vertical=&#8221;10px&#8221; box_shadow_blur=&#8221;55px&#8221; box_shadow_spread=&#8221;0px&#8221; box_shadow_color=&#8221;rgba(0,0,0,0.07)&#8221; button_text_size__hover_enabled=&#8221;off&#8221; button_one_text_size__hover_enabled=&#8221;off&#8221; button_two_text_size__hover_enabled=&#8221;off&#8221; button_text_color__hover_enabled=&#8221;off&#8221; button_one_text_color__hover_enabled=&#8221;off&#8221; button_two_text_color__hover_enabled=&#8221;off&#8221; button_border_width__hover_enabled=&#8221;off&#8221; button_one_border_width__hover_enabled=&#8221;off&#8221; button_two_border_width__hover_enabled=&#8221;off&#8221; button_border_color__hover_enabled=&#8221;off&#8221; button_one_border_color__hover_enabled=&#8221;off&#8221; button_two_border_color__hover_enabled=&#8221;off&#8221; button_border_radius__hover_enabled=&#8221;off&#8221; button_one_border_radius__hover_enabled=&#8221;off&#8221; button_two_border_radius__hover_enabled=&#8221;off&#8221; button_letter_spacing__hover_enabled=&#8221;off&#8221; button_one_letter_spacing__hover_enabled=&#8221;off&#8221; button_two_letter_spacing__hover_enabled=&#8221;off&#8221; button_bg_color__hover_enabled=&#8221;off&#8221; button_one_bg_color__hover_enabled=&#8221;off&#8221; button_two_bg_color__hover_enabled=&#8221;off&#8221;]All our advisors are registered with the Autorit\u00e9 des march\u00e9s financiers du Qu\u00e9bec (Quebec financial markets authority).<br \/>\nOur advisors are independent, which means they are not affiliated with any bank, credit union or life insurance company.<\/p>\n<p>Your insurance needs are our first priority. That&#8217;s why we&#8217;ve developed a plan tailored specifically for you.[\/et_pb_cta][\/et_pb_column][et_pb_column type=&#8221;1_2&#8243; _builder_version=&#8221;3.25&#8243; custom_padding=&#8221;|||&#8221; custom_padding__hover=&#8221;|||&#8221;][\/et_pb_column][\/et_pb_row][\/et_pb_section][et_pb_section fb_built=&#8221;1&#8243; admin_label=&#8221;Hero Section&#8221; _builder_version=&#8221;4.6.3&#8243; use_background_color_gradient=&#8221;on&#8221; background_color_gradient_start=&#8221;#6b73ff&#8221; background_color_gradient_end=&#8221;#007be8&#8243; background_color_gradient_direction=&#8221;100deg&#8221; background_enable_image=&#8221;off&#8221; custom_padding=&#8221;2.4%||2.4%||true|&#8221; saved_tabs=&#8221;all&#8221; locked=&#8221;off&#8221; collapsed=&#8221;off&#8221; global_module=&#8221;633&#8243;][et_pb_row admin_label=&#8221;Hero Area&#8221; _builder_version=&#8221;3.25&#8243; background_size=&#8221;initial&#8221; background_position=&#8221;top_left&#8221; background_repeat=&#8221;repeat&#8221;][et_pb_column type=&#8221;4_4&#8243; _builder_version=&#8221;3.25&#8243; custom_padding=&#8221;|||&#8221; custom_padding__hover=&#8221;|||&#8221;][et_pb_cta title=&#8221;Get a free quote online&#8221; button_url=&#8221;https:\/\/darkturquoise-kingfisher-111463.hostingersite.com\/&#8221; button_text=&#8221;compare and save!&#8221; admin_label=&#8221;Hero Text&#8221; _builder_version=&#8221;4.6.3&#8243; header_level=&#8221;h1&#8243; header_font=&#8221;|300|||||||&#8221; header_font_size=&#8221;36px&#8221; header_line_height=&#8221;1.4em&#8221; body_font=&#8221;|300|||||||&#8221; body_font_size=&#8221;16px&#8221; body_line_height=&#8221;1.8em&#8221; use_background_color=&#8221;off&#8221; custom_button=&#8221;on&#8221; button_text_size=&#8221;14px&#8221; button_text_color=&#8221;#007fe0&#8243; button_bg_color=&#8221;#ffffff&#8221; button_border_width=&#8221;12px&#8221; button_border_color=&#8221;#ffffff&#8221; button_letter_spacing=&#8221;2px&#8221; button_font=&#8221;Poppins|600||on|||||&#8221; button_icon=&#8221;%%3%%&#8221; width=&#8221;100%&#8221; max_width=&#8221;700px&#8221; module_alignment=&#8221;center&#8221; max_height=&#8221;1000px&#8221; custom_margin=&#8221;||11px|||&#8221; animation_style=&#8221;fade&#8221; button_text_size__hover_enabled=&#8221;off&#8221; button_one_text_size__hover_enabled=&#8221;off&#8221; button_two_text_size__hover_enabled=&#8221;off&#8221; button_text_color__hover_enabled=&#8221;off&#8221; button_one_text_color__hover_enabled=&#8221;off&#8221; button_two_text_color__hover_enabled=&#8221;off&#8221; button_border_width__hover_enabled=&#8221;off&#8221; button_one_border_width__hover_enabled=&#8221;off&#8221; button_two_border_width__hover_enabled=&#8221;off&#8221; button_border_color__hover_enabled=&#8221;off&#8221; button_one_border_color__hover_enabled=&#8221;off&#8221; button_two_border_color__hover_enabled=&#8221;off&#8221; button_border_radius__hover_enabled=&#8221;off&#8221; button_one_border_radius__hover_enabled=&#8221;off&#8221; button_two_border_radius__hover_enabled=&#8221;off&#8221; button_letter_spacing__hover_enabled=&#8221;off&#8221; button_one_letter_spacing__hover_enabled=&#8221;off&#8221; button_two_letter_spacing__hover_enabled=&#8221;off&#8221; button_bg_color__hover_enabled=&#8221;off&#8221; button_one_bg_color__hover_enabled=&#8221;off&#8221; button_two_bg_color__hover_enabled=&#8221;off&#8221;]<\/p>\n<p>Calculate your critical illness insurance premium and save! Our online insurance calculator compares offers from multiple insurance companies and financial institutions to help you save money!<\/p>\n<p>[\/et_pb_cta][et_pb_text _builder_version=&#8221;4.6.3&#8243; _module_preset=&#8221;default&#8221; text_font=&#8221;|300|||||||&#8221; text_text_color=&#8221;#ffffff&#8221; text_orientation=&#8221;center&#8221;]<\/p>\n<p>FREE QUOTE ONLINE!<\/p>\n<p>[\/et_pb_text][\/et_pb_column][\/et_pb_row][\/et_pb_section]<\/p>\n","protected":false},"excerpt":{"rendered":"<p>We were born with the desire to help people save time and money with today&#8217;s technology that is the Internet. Assurancevierrapide.ca is the meeting point between insured persons and insurance companies, funds and banks for online subscription or via an intermediary, at your convenience.Our independent platform is used by hundreds of Internet users like you [&hellip;]<\/p>\n","protected":false},"author":1,"featured_media":0,"parent":0,"menu_order":0,"comment_status":"closed","ping_status":"closed","template":"","meta":{"_et_pb_use_builder":"on","_et_pb_old_content":"","_et_gb_content_width":"","om_disable_all_campaigns":false,"_monsterinsights_skip_tracking":false,"_monsterinsights_sitenote_active":false,"_monsterinsights_sitenote_note":"","_monsterinsights_sitenote_category":0,"_uf_show_specific_survey":0,"_uf_disable_surveys":false,"footnotes":""},"class_list":["post-231","page","type-page","status-publish","hentry"],"aioseo_notices":[],"_links":{"self":[{"href":"https:\/\/assurancevierapide.ca\/en\/wp-json\/wp\/v2\/pages\/231","targetHints":{"allow":["GET"]}}],"collection":[{"href":"https:\/\/assurancevierapide.ca\/en\/wp-json\/wp\/v2\/pages"}],"about":[{"href":"https:\/\/assurancevierapide.ca\/en\/wp-json\/wp\/v2\/types\/page"}],"author":[{"embeddable":true,"href":"https:\/\/assurancevierapide.ca\/en\/wp-json\/wp\/v2\/users\/1"}],"replies":[{"embeddable":true,"href":"https:\/\/assurancevierapide.ca\/en\/wp-json\/wp\/v2\/comments?post=231"}],"version-history":[{"count":5,"href":"https:\/\/assurancevierapide.ca\/en\/wp-json\/wp\/v2\/pages\/231\/revisions"}],"predecessor-version":[{"id":706,"href":"https:\/\/assurancevierapide.ca\/en\/wp-json\/wp\/v2\/pages\/231\/revisions\/706"}],"wp:attachment":[{"href":"https:\/\/assurancevierapide.ca\/en\/wp-json\/wp\/v2\/media?parent=231"}],"curies":[{"name":"wp","href":"https:\/\/api.w.org\/{rel}","templated":true}]}}